{"id":3,"date":"2022-11-09T18:15:51","date_gmt":"2022-11-09T18:15:51","guid":{"rendered":"https:\/\/guizo.pt\/pt\/?page_id=3"},"modified":"2023-01-20T15:47:51","modified_gmt":"2023-01-20T15:47:51","slug":"politica-privacidade","status":"publish","type":"page","link":"https:\/\/guizo.pt\/pt\/politica-privacidade\/","title":{"rendered":"Pol\u00edtica de Privacidade"},"content":{"rendered":"\n<h2>Pol\u00edtica de Privacidade<\/h2>\n\n\n\n<h3>\u00c2mbito da nossa Pol\u00edtica de Privacidade<\/h3>\n\n\n\n<p>A <strong>Guizo Studio<\/strong> respeita a privacidade do Utilizador e trata os seus dados pessoais de acordo com as leis em vigor. Os dados n\u00e3o ser\u00e3o processados para outros fins que n\u00e3o os aqui especificados. A Dire\u00e7\u00e3o do <strong>Guizo Studio<\/strong> reserva-se o direito de atualizar ou modificar a qualquer momento a sua Pol\u00edtica de Privacidade, nomeadamente de forma a adapt\u00e1-la a altera\u00e7\u00f5es legislativas.<\/p>\n\n\n\n<h3>Para que finalidades s\u00e3o recolhidos os dados pessoais do utilizador?<\/h3>\n\n\n\n<p>Os dados recolhidos nos formul\u00e1rios do website destinam-se exclusivamente ao tratamento dos pedidos dos utilizadores, n\u00e3o sendo utilizados para qualquer outro tratamento.<\/p>\n\n\n\n<h3>Quem tem acesso aos dados pessoais do utilizador ?<\/h3>\n\n\n\n<p>A <strong>Guizo Studio<\/strong> n\u00e3o divulga a terceiros quaisquer dados pessoais dos seus Clientes e Utilizadores, sem o seu consentimento, exceto quando exigido por lei.<\/p>\n\n\n\n<h3>Onde os dados do usu\u00e1rio s\u00e3o armazenados?<\/h3>\n\n\n\n<p>A <strong>Guizo Studio<\/strong> armazena os dados de seus clientes e Usu\u00e1rios em seus servidores localizados na Uni\u00e3o Europeia. Esses servidores s\u00e3o protegidos e mantidos de acordo com os mais altos padr\u00f5es de seguran\u00e7a e para cumprir as leis de privacidade aplic\u00e1veis. Caso pretenda ser eliminado da nossa base de dados, poder\u00e1 exercer esse direito contactando-nos atrav\u00e9s dos v\u00e1rios meios dispon\u00edveis no website.<\/p>\n\n\n\n<h3>Este site usa cookies?<\/h3>\n\n\n\n<p>O website <strong>Guizo Studio<\/strong> utiliza cookies em determinadas \u00e1reas. Cookies s\u00e3o arquivos que armazenam informa\u00e7\u00f5es no disco r\u00edgido ou no navegador do Usu\u00e1rio, permitindo que os sites o reconhe\u00e7am e saibam que voc\u00ea os visitou anteriormente. O Utilizador pode configurar o seu navegador para recusar cookies, no entanto, neste caso, o website ou partes do mesmo podem n\u00e3o funcionar corretamente. Os cookies s\u00e3o utilizados para monitorizar e analisar a utiliza\u00e7\u00e3o do website, permitindo \u00e0 <strong>Guizo Studio<\/strong> proporcionar a melhor experi\u00eancia de utiliza\u00e7\u00e3o.<\/p>\n","protected":false},"excerpt":{"rendered":"<p>Pol\u00edtica de Privacidade \u00c2mbito da nossa Pol\u00edtica de Privacidade A Guizo Studio respeita a privacidade do Utilizador e trata os seus dados pessoais de acordo com as leis em vigor. Os dados n\u00e3o ser\u00e3o processados para outros fins que n\u00e3o os aqui especificados. A Dire\u00e7\u00e3o do Guizo Studio reserva-se o direito de atualizar ou modificar &hellip;<\/p>\n<p class=\"read-more\"> <a class=\"\" href=\"https:\/\/guizo.pt\/pt\/politica-privacidade\/\"> <span class=\"screen-reader-text\">Pol\u00edtica de Privacidade<\/span> Read More &raquo;<\/a><\/p>\n","protected":false},"author":1,"featured_media":0,"parent":0,"menu_order":0,"comment_status":"closed","ping_status":"closed","template":"","meta":{"site-sidebar-layout":"default","site-content-layout":"default","ast-global-header-display":"","ast-main-header-display":"","ast-hfb-above-header-display":"","ast-hfb-below-header-display":"","ast-hfb-mobile-header-display":"","site-post-title":"disabled","ast-breadcrumbs-content":"","ast-featured-img":"","footer-sml-layout":"","theme-transparent-header-meta":"","adv-header-id-meta":"","stick-header-meta":"","header-above-stick-meta":"","header-main-stick-meta":"","header-below-stick-meta":""},"yoast_head":"<!-- This site is optimized with the Yoast SEO plugin v19.13 - https:\/\/yoast.com\/wordpress\/plugins\/seo\/ -->\n<title>Pol\u00edtica de Privacidade - Guizo Studio<\/title>\n<meta name=\"robots\" content=\"index, follow, max-snippet:-1, max-image-preview:large, max-video-preview:-1\" \/>\n<link rel=\"canonical\" href=\"https:\/\/guizo.pt\/pt\/politica-privacidade\/\" \/>\n<meta property=\"og:locale\" content=\"pt_PT\" \/>\n<meta property=\"og:type\" content=\"article\" \/>\n<meta property=\"og:title\" content=\"Pol\u00edtica de Privacidade - Guizo Studio\" \/>\n<meta property=\"og:description\" content=\"Pol\u00edtica de Privacidade \u00c2mbito da nossa Pol\u00edtica de Privacidade A Guizo Studio respeita a privacidade do Utilizador e trata os seus dados pessoais de acordo com as leis em vigor. Os dados n\u00e3o ser\u00e3o processados para outros fins que n\u00e3o os aqui especificados. A Dire\u00e7\u00e3o do Guizo Studio reserva-se o direito de atualizar ou modificar &hellip; Pol\u00edtica de Privacidade Read More &raquo;\" \/>\n<meta property=\"og:url\" content=\"https:\/\/guizo.pt\/pt\/politica-privacidade\/\" \/>\n<meta property=\"og:site_name\" content=\"Guizo Studio\" \/>\n<meta property=\"article:modified_time\" content=\"2023-01-20T15:47:51+00:00\" \/>\n<meta name=\"twitter:card\" content=\"summary_large_image\" \/>\n<meta name=\"twitter:label1\" content=\"Est. reading time\" \/>\n\t<meta name=\"twitter:data1\" content=\"2 minutos\" \/>\n<script type=\"application\/ld+json\" class=\"yoast-schema-graph\">{\"@context\":\"https:\/\/schema.org\",\"@graph\":[{\"@type\":\"WebPage\",\"@id\":\"https:\/\/guizo.pt\/pt\/politica-privacidade\/\",\"url\":\"https:\/\/guizo.pt\/pt\/politica-privacidade\/\",\"name\":\"Pol\u00edtica de Privacidade - Guizo Studio\",\"isPartOf\":{\"@id\":\"https:\/\/guizo.pt\/pt\/#website\"},\"datePublished\":\"2022-11-09T18:15:51+00:00\",\"dateModified\":\"2023-01-20T15:47:51+00:00\",\"breadcrumb\":{\"@id\":\"https:\/\/guizo.pt\/pt\/politica-privacidade\/#breadcrumb\"},\"inLanguage\":\"pt-PT\",\"potentialAction\":[{\"@type\":\"ReadAction\",\"target\":[\"https:\/\/guizo.pt\/pt\/politica-privacidade\/\"]}]},{\"@type\":\"BreadcrumbList\",\"@id\":\"https:\/\/guizo.pt\/pt\/politica-privacidade\/#breadcrumb\",\"itemListElement\":[{\"@type\":\"ListItem\",\"position\":1,\"name\":\"Home\",\"item\":\"https:\/\/guizo.pt\/pt\/\"},{\"@type\":\"ListItem\",\"position\":2,\"name\":\"Pol\u00edtica de Privacidade\"}]},{\"@type\":\"WebSite\",\"@id\":\"https:\/\/guizo.pt\/pt\/#website\",\"url\":\"https:\/\/guizo.pt\/pt\/\",\"name\":\"Guizo Studio\",\"description\":\"Design de Interiores - Gr\u00e2ndola\",\"potentialAction\":[{\"@type\":\"SearchAction\",\"target\":{\"@type\":\"EntryPoint\",\"urlTemplate\":\"https:\/\/guizo.pt\/pt\/?s={search_term_string}\"},\"query-input\":\"required name=search_term_string\"}],\"inLanguage\":\"pt-PT\"}]}<\/script>\n<!-- \/ Yoast SEO plugin. -->","yoast_head_json":{"title":"Pol\u00edtica de Privacidade - Guizo Studio","robots":{"index":"index","follow":"follow","max-snippet":"max-snippet:-1","max-image-preview":"max-image-preview:large","max-video-preview":"max-video-preview:-1"},"canonical":"https:\/\/guizo.pt\/pt\/politica-privacidade\/","og_locale":"pt_PT","og_type":"article","og_title":"Pol\u00edtica de Privacidade - Guizo Studio","og_description":"Pol\u00edtica de Privacidade \u00c2mbito da nossa Pol\u00edtica de Privacidade A Guizo Studio respeita a privacidade do Utilizador e trata os seus dados pessoais de acordo com as leis em vigor. Os dados n\u00e3o ser\u00e3o processados para outros fins que n\u00e3o os aqui especificados. A Dire\u00e7\u00e3o do Guizo Studio reserva-se o direito de atualizar ou modificar &hellip; Pol\u00edtica de Privacidade Read More &raquo;","og_url":"https:\/\/guizo.pt\/pt\/politica-privacidade\/","og_site_name":"Guizo Studio","article_modified_time":"2023-01-20T15:47:51+00:00","twitter_card":"summary_large_image","twitter_misc":{"Est. reading time":"2 minutos"},"schema":{"@context":"https:\/\/schema.org","@graph":[{"@type":"WebPage","@id":"https:\/\/guizo.pt\/pt\/politica-privacidade\/","url":"https:\/\/guizo.pt\/pt\/politica-privacidade\/","name":"Pol\u00edtica de Privacidade - Guizo Studio","isPartOf":{"@id":"https:\/\/guizo.pt\/pt\/#website"},"datePublished":"2022-11-09T18:15:51+00:00","dateModified":"2023-01-20T15:47:51+00:00","breadcrumb":{"@id":"https:\/\/guizo.pt\/pt\/politica-privacidade\/#breadcrumb"},"inLanguage":"pt-PT","potentialAction":[{"@type":"ReadAction","target":["https:\/\/guizo.pt\/pt\/politica-privacidade\/"]}]},{"@type":"BreadcrumbList","@id":"https:\/\/guizo.pt\/pt\/politica-privacidade\/#breadcrumb","itemListElement":[{"@type":"ListItem","position":1,"name":"Home","item":"https:\/\/guizo.pt\/pt\/"},{"@type":"ListItem","position":2,"name":"Pol\u00edtica de Privacidade"}]},{"@type":"WebSite","@id":"https:\/\/guizo.pt\/pt\/#website","url":"https:\/\/guizo.pt\/pt\/","name":"Guizo Studio","description":"Design de Interiores - Gr\u00e2ndola","potentialAction":[{"@type":"SearchAction","target":{"@type":"EntryPoint","urlTemplate":"https:\/\/guizo.pt\/pt\/?s={search_term_string}"},"query-input":"required name=search_term_string"}],"inLanguage":"pt-PT"}]}},"_links":{"self":[{"href":"https:\/\/guizo.pt\/pt\/wp-json\/wp\/v2\/pages\/3"}],"collection":[{"href":"https:\/\/guizo.pt\/pt\/wp-json\/wp\/v2\/pages"}],"about":[{"href":"https:\/\/guizo.pt\/pt\/wp-json\/wp\/v2\/types\/page"}],"author":[{"embeddable":true,"href":"https:\/\/guizo.pt\/pt\/wp-json\/wp\/v2\/users\/1"}],"replies":[{"embeddable":true,"href":"https:\/\/guizo.pt\/pt\/wp-json\/wp\/v2\/comments?post=3"}],"version-history":[{"count":3,"href":"https:\/\/guizo.pt\/pt\/wp-json\/wp\/v2\/pages\/3\/revisions"}],"predecessor-version":[{"id":949,"href":"https:\/\/guizo.pt\/pt\/wp-json\/wp\/v2\/pages\/3\/revisions\/949"}],"wp:attachment":[{"href":"https:\/\/guizo.pt\/pt\/wp-json\/wp\/v2\/media?parent=3"}],"curies":[{"name":"wp","href":"https:\/\/api.w.org\/{rel}","templated":true}]}}